{"id":10963,"date":"2017-04-25T10:57:46","date_gmt":"2017-04-25T10:57:46","guid":{"rendered":"http:\/\/promovisionmodels.com\/?page_id=10963\/"},"modified":"2021-03-03T16:14:47","modified_gmt":"2021-03-03T16:14:47","slug":"fotomodel","status":"publish","type":"page","link":"https:\/\/promovisionmodels.com\/nl\/fotomodel\/","title":{"rendered":"Fotomodel"},"content":{"rendered":"<p><img loading=\"lazy\" decoding=\"async\" class=\"alignnone wp-image-13703 size-large\" src=\"https:\/\/promovisionmodels.com\/wp-content\/uploads\/2020\/05\/Photography-models-3-w-logo-1920x1080-1-1024x576.jpg\" alt=\"Fotomodel Nederland\" width=\"800\" height=\"450\" srcset=\"https:\/\/promovisionmodels.com\/wp-content\/uploads\/2020\/05\/Photography-models-3-w-logo-1920x1080-1-1024x576.jpg 1024w, https:\/\/promovisionmodels.com\/wp-content\/uploads\/2020\/05\/Photography-models-3-w-logo-1920x1080-1-300x169.jpg 300w, https:\/\/promovisionmodels.com\/wp-content\/uploads\/2020\/05\/Photography-models-3-w-logo-1920x1080-1-768x432.jpg 768w, https:\/\/promovisionmodels.com\/wp-content\/uploads\/2020\/05\/Photography-models-3-w-logo-1920x1080-1-1536x864.jpg 1536w, https:\/\/promovisionmodels.com\/wp-content\/uploads\/2020\/05\/Photography-models-3-w-logo-1920x1080-1.jpg 1920w\" sizes=\"(max-width: 800px) 100vw, 800px\" \/><\/p>\n<p><strong>We zijn een breed geori\u00ebnteerd bureau met modellen van alle leeftijden, etnische groepen en types. Met jaren ervaring is PromoVisionModels uitgegroeid tot \u00e9\u00e9n van de meest toonaangevende commerci\u00eble modellen bureaus in Nederland en in het buitenland. We bieden veel verschillende soorten modellen, zoals vrouwelijke en mannelijke modellen, curvy modellen, petite modellen, fitnessmodellen en lingeriemodellen. <\/strong><\/p>\n<h4>Fashion model<\/h4>\n<p>PromoVisionModels biedt een breed scala aan mannelijke en vrouwelijke fashion modellen. Deze modellen kunnen worden ingezet voor allerlei grote opdrachten, zoals fotoshoots of catwalks. Onze mode en editorial modellen voldoen aan de internationale modelnormen. Voor vrouwelijke modellen is dat maat 34\/36 (EUR) in kleding, met een lengte tussen de 1,75 en 1,82 meter. Voor mannelijke modellen zijn de ideale kledingmaten tussen 48\/52 (EUR) met een minimale lengte van 1,80 meter. Alle modellen van PromoVisionModels zijn professionals binnen de mode-industrie: fotoshoots voor advertenties, tijdschriften, advertenties op tv of runway voor uw modeshow. Ons boekingsteam zal ervoor zorgen dat u de perfecte vrouwelijke of mannelijke modellen krijgt voor uw shoot of catwalk.<\/p>\n<h4>Lingerie- en badmode model<\/h4>\n<p>Bij lingerie- modellen gaat het allemaal om het dragen van beha&#8217;s, slipjes, jarretels, gewaden en andere mooie onderkleding in fotoshoots, modeshows en commerci\u00eble shoots. Onze modellen zijn fotogeniek en begrijpen hoe ze moeten poseren en bewegen om de onderkleding te helpen verkopen en promoten. Onze lingeriemodellen hebben een schone, egale en gehydrateerd huid en een mooi lichaam dat niet te mager of te gespierd is. PromoVisionModels biedt ook mannelijke ondergoed modellen aan die perfect zijn voor uw shoots, commercials en catwalks. Onze mannelijke ondergoed modellen hebben een mooie lichaamsbouw, met getrainde spieren en een natuurlijke mannelijke aantrekkelijke uitstraling.<\/p>\n<p>Veel van onze PromoVisionModels modellen hebben jaren ervaring met zowel lingerie, ondergoed als badmode. Badmode modellen lijken op lingeriemodellen. Ze hebben goed geproportioneerde lichamen met aantrekkelijke eigenschappen. In badmode, lingerie en ondergoed zijn onze modellen zelfverzekerd, weten ze te poseren en weten ze hoe ze uw merk moeten verkopen.<\/p>\n<p><img loading=\"lazy\" decoding=\"async\" class=\"alignnone wp-image-13708 size-large\" src=\"https:\/\/promovisionmodels.com\/wp-content\/uploads\/2020\/05\/Photography-models-w-logo-1920x1080-1-1024x576.jpg\" alt=\"Fotomodel Nederland\" width=\"800\" height=\"450\" srcset=\"https:\/\/promovisionmodels.com\/wp-content\/uploads\/2020\/05\/Photography-models-w-logo-1920x1080-1-1024x576.jpg 1024w, https:\/\/promovisionmodels.com\/wp-content\/uploads\/2020\/05\/Photography-models-w-logo-1920x1080-1-300x169.jpg 300w, https:\/\/promovisionmodels.com\/wp-content\/uploads\/2020\/05\/Photography-models-w-logo-1920x1080-1-768x432.jpg 768w, https:\/\/promovisionmodels.com\/wp-content\/uploads\/2020\/05\/Photography-models-w-logo-1920x1080-1-1536x864.jpg 1536w, https:\/\/promovisionmodels.com\/wp-content\/uploads\/2020\/05\/Photography-models-w-logo-1920x1080-1.jpg 1920w\" sizes=\"(max-width: 800px) 100vw, 800px\" \/><\/p>\n<h4>Commerci\u00eble modellen<\/h4>\n<p>PromoVisionModels heeft een grote database met exclusieve modellen van alle leeftijden, etnische groepen en types. Onze commerci\u00eble modellen kunnen model staan voor televisie, commercials, websites, tijdschriften, kranten, billboards of enige andere vorm van reclame. Omdat we een grote database van modellen hebben, kunnen we verschillende soorten modellen bieden, zoals curvy modellen, petite modellen, fitness-modellen, hand- en voetmodellen en nog veel meer. Onze commerci\u00eble modellen kunt u ook goed inzetten als mode-, lingerie- of badmode model. PromoVisionModels is er trots op dat wij onze klanten een breed scala aan modellen kunnen presenteren. Niet iedere klant is op zoek naar een typisch fashion model. We horen graag waar u naar op zoek bent, zodat ons boekingsteam u kan helpen het juiste model te vinden. Neem gerust <a href=\"https:\/\/promovisionmodels.com\/nl\/contactpagina\/\" target=\"_blank\" rel=\"noopener\">contact<\/a> met ons op om ons aanbod aan modellen te bespreken.<\/p>\n<h4>Videomodel<\/h4>\n<p>Op zoek naar een model voor uw videopresentatie of reclame? Videomarketing is een aantrekkelijk, veelzijdig en uiterst deelbaar medium om uw publiek te bereiken. Onze videomodellen weten hoe ze moeten spreken en bewegen voor de camera, zodat uw boodschap op de beste manier wordt overgebracht op uw publiek. Ons bureau kan ook voorzien in modellen voor uw muziekvideo. Daarnaast kunnen we bij PromoVisionModels van begin tot eind helpen met het plannen en perfectioneren van uw videopresentatie, reclame- of muziekvideo. We hebben een groep van talent volle videografen, make-up artiesten, haar stylisten en styling teams die voor u klaar staan om u te helpen uw wensen te realiseren.<\/p>\n<h4>Vragen over het boeken van modellen<\/h4>\n<p>Als u vragen heeft over het boeken van fashion modellen, lingerie- en badmode modellen, commerci\u00eble modellen, video-modellen of iets anders, neem dan gerust <a href=\"https:\/\/promovisionmodels.com\/nl\/contactpagina\/\" target=\"_blank\" rel=\"noopener\">contact<\/a> met ons op. Ons boekingsteam helpt u het perfecte model voor u te vinden!<\/p>\n<p>Wil je graag een model worden? Klik dan <a href=\"https:\/\/promovisionmodels.com\/nl\/aanmelden-als-model\/\" target=\"_blank\" rel=\"noopener\"><u>hier<\/u><\/a> om je aan te melden.<\/p>\n<p><em>Foto&#8217;s door Jan Kruize<\/em><\/p>\n","protected":false},"excerpt":{"rendered":"<p>We zijn een breed geori\u00ebnteerd bureau met modellen van alle leeftijden, etnische groepen en types. Met jaren ervaring is PromoVisionModels uitgegroeid tot \u00e9\u00e9n van de meest toonaangevende commerci\u00eble modellen bureaus in Nederland en in het buitenland. We bieden veel verschillende soorten modellen, zoals vrouwelijke en mannelijke modellen, curvy modellen, petite modellen, fitnessmodellen en lingeriemodellen. Fashion &#8230;<\/p>\n","protected":false},"author":2,"featured_media":0,"parent":0,"menu_order":0,"comment_status":"closed","ping_status":"closed","template":"","meta":{"footnotes":""},"yoast_head":"<!-- This site is optimized with the Yoast SEO plugin v21.9 - https:\/\/yoast.com\/wordpress\/plugins\/seo\/ -->\n<title>Fotomodel - Promovisionmodels - Promotie en Modellen<\/title>\n<meta name=\"robots\" content=\"index, follow, max-snippet:-1, max-image-preview:large, max-video-preview:-1\" \/>\n<link rel=\"canonical\" href=\"https:\/\/promovisionmodels.com\/nl\/fotomodel\/\" \/>\n<meta property=\"og:locale\" content=\"nl_NL\" \/>\n<meta property=\"og:type\" content=\"article\" \/>\n<meta property=\"og:title\" content=\"Fotomodel - Promovisionmodels - Promotie en Modellen\" \/>\n<meta property=\"og:description\" content=\"We zijn een breed geori\u00ebnteerd bureau met modellen van alle leeftijden, etnische groepen en types. Met jaren ervaring is PromoVisionModels uitgegroeid tot \u00e9\u00e9n van de meest toonaangevende commerci\u00eble modellen bureaus in Nederland en in het buitenland. We bieden veel verschillende soorten modellen, zoals vrouwelijke en mannelijke modellen, curvy modellen, petite modellen, fitnessmodellen en lingeriemodellen. Fashion ...\" \/>\n<meta property=\"og:url\" content=\"https:\/\/promovisionmodels.com\/nl\/fotomodel\/\" \/>\n<meta property=\"og:site_name\" content=\"Promovisionmodels - Promotie en Modellen\" \/>\n<meta property=\"article:modified_time\" content=\"2021-03-03T16:14:47+00:00\" \/>\n<meta property=\"og:image\" content=\"https:\/\/promovisionmodels.com\/wp-content\/uploads\/2020\/05\/Photography-models-3-w-logo-1920x1080-1-1024x576.jpg\" \/>\n<meta name=\"twitter:card\" content=\"summary_large_image\" \/>\n<meta name=\"twitter:label1\" content=\"Geschatte leestijd\" \/>\n\t<meta name=\"twitter:data1\" content=\"4 minuten\" \/>\n<script type=\"application\/ld+json\" class=\"yoast-schema-graph\">{\"@context\":\"https:\/\/schema.org\",\"@graph\":[{\"@type\":\"WebPage\",\"@id\":\"https:\/\/promovisionmodels.com\/nl\/fotomodel\/\",\"url\":\"https:\/\/promovisionmodels.com\/nl\/fotomodel\/\",\"name\":\"Fotomodel - Promovisionmodels - Promotie en Modellen\",\"isPartOf\":{\"@id\":\"https:\/\/promovisionmodels.com\/#website\"},\"datePublished\":\"2017-04-25T10:57:46+00:00\",\"dateModified\":\"2021-03-03T16:14:47+00:00\",\"breadcrumb\":{\"@id\":\"https:\/\/promovisionmodels.com\/nl\/fotomodel\/#breadcrumb\"},\"inLanguage\":\"nl-NL\",\"potentialAction\":[{\"@type\":\"ReadAction\",\"target\":[\"https:\/\/promovisionmodels.com\/nl\/fotomodel\/\"]}]},{\"@type\":\"BreadcrumbList\",\"@id\":\"https:\/\/promovisionmodels.com\/nl\/fotomodel\/#breadcrumb\",\"itemListElement\":[{\"@type\":\"ListItem\",\"position\":1,\"name\":\"Home\",\"item\":\"https:\/\/promovisionmodels.com\/nl\/\"},{\"@type\":\"ListItem\",\"position\":2,\"name\":\"Fotomodel\"}]},{\"@type\":\"WebSite\",\"@id\":\"https:\/\/promovisionmodels.com\/#website\",\"url\":\"https:\/\/promovisionmodels.com\/\",\"name\":\"Promovisionmodels - Promotie en Modellen\",\"description\":\"Promotie en Modellen\",\"potentialAction\":[{\"@type\":\"SearchAction\",\"target\":{\"@type\":\"EntryPoint\",\"urlTemplate\":\"https:\/\/promovisionmodels.com\/?s={search_term_string}\"},\"query-input\":\"required name=search_term_string\"}],\"inLanguage\":\"nl-NL\"}]}<\/script>\n<!-- \/ Yoast SEO plugin. -->","yoast_head_json":{"title":"Fotomodel - Promovisionmodels - Promotie en Modellen","robots":{"index":"index","follow":"follow","max-snippet":"max-snippet:-1","max-image-preview":"max-image-preview:large","max-video-preview":"max-video-preview:-1"},"canonical":"https:\/\/promovisionmodels.com\/nl\/fotomodel\/","og_locale":"nl_NL","og_type":"article","og_title":"Fotomodel - Promovisionmodels - Promotie en Modellen","og_description":"We zijn een breed geori\u00ebnteerd bureau met modellen van alle leeftijden, etnische groepen en types. Met jaren ervaring is PromoVisionModels uitgegroeid tot \u00e9\u00e9n van de meest toonaangevende commerci\u00eble modellen bureaus in Nederland en in het buitenland. We bieden veel verschillende soorten modellen, zoals vrouwelijke en mannelijke modellen, curvy modellen, petite modellen, fitnessmodellen en lingeriemodellen. Fashion ...","og_url":"https:\/\/promovisionmodels.com\/nl\/fotomodel\/","og_site_name":"Promovisionmodels - Promotie en Modellen","article_modified_time":"2021-03-03T16:14:47+00:00","og_image":[{"url":"https:\/\/promovisionmodels.com\/wp-content\/uploads\/2020\/05\/Photography-models-3-w-logo-1920x1080-1-1024x576.jpg"}],"twitter_card":"summary_large_image","twitter_misc":{"Geschatte leestijd":"4 minuten"},"schema":{"@context":"https:\/\/schema.org","@graph":[{"@type":"WebPage","@id":"https:\/\/promovisionmodels.com\/nl\/fotomodel\/","url":"https:\/\/promovisionmodels.com\/nl\/fotomodel\/","name":"Fotomodel - Promovisionmodels - Promotie en Modellen","isPartOf":{"@id":"https:\/\/promovisionmodels.com\/#website"},"datePublished":"2017-04-25T10:57:46+00:00","dateModified":"2021-03-03T16:14:47+00:00","breadcrumb":{"@id":"https:\/\/promovisionmodels.com\/nl\/fotomodel\/#breadcrumb"},"inLanguage":"nl-NL","potentialAction":[{"@type":"ReadAction","target":["https:\/\/promovisionmodels.com\/nl\/fotomodel\/"]}]},{"@type":"BreadcrumbList","@id":"https:\/\/promovisionmodels.com\/nl\/fotomodel\/#breadcrumb","itemListElement":[{"@type":"ListItem","position":1,"name":"Home","item":"https:\/\/promovisionmodels.com\/nl\/"},{"@type":"ListItem","position":2,"name":"Fotomodel"}]},{"@type":"WebSite","@id":"https:\/\/promovisionmodels.com\/#website","url":"https:\/\/promovisionmodels.com\/","name":"Promovisionmodels - Promotie en Modellen","description":"Promotie en Modellen","potentialAction":[{"@type":"SearchAction","target":{"@type":"EntryPoint","urlTemplate":"https:\/\/promovisionmodels.com\/?s={search_term_string}"},"query-input":"required name=search_term_string"}],"inLanguage":"nl-NL"}]}},"_links":{"self":[{"href":"https:\/\/promovisionmodels.com\/nl\/wp-json\/wp\/v2\/pages\/10963"}],"collection":[{"href":"https:\/\/promovisionmodels.com\/nl\/wp-json\/wp\/v2\/pages"}],"about":[{"href":"https:\/\/promovisionmodels.com\/nl\/wp-json\/wp\/v2\/types\/page"}],"author":[{"embeddable":true,"href":"https:\/\/promovisionmodels.com\/nl\/wp-json\/wp\/v2\/users\/2"}],"replies":[{"embeddable":true,"href":"https:\/\/promovisionmodels.com\/nl\/wp-json\/wp\/v2\/comments?post=10963"}],"version-history":[{"count":13,"href":"https:\/\/promovisionmodels.com\/nl\/wp-json\/wp\/v2\/pages\/10963\/revisions"}],"predecessor-version":[{"id":14321,"href":"https:\/\/promovisionmodels.com\/nl\/wp-json\/wp\/v2\/pages\/10963\/revisions\/14321"}],"wp:attachment":[{"href":"https:\/\/promovisionmodels.com\/nl\/wp-json\/wp\/v2\/media?parent=10963"}],"curies":[{"name":"wp","href":"https:\/\/api.w.org\/{rel}","templated":true}]}}