{"id":10976,"date":"2017-04-25T11:01:42","date_gmt":"2017-04-25T11:01:42","guid":{"rendered":"http:\/\/promovisionmodels.com\/?page_id=10976\/"},"modified":"2021-03-03T16:32:38","modified_gmt":"2021-03-03T16:32:38","slug":"bodypaint","status":"publish","type":"page","link":"https:\/\/promovisionmodels.com\/nl\/bodypaint\/","title":{"rendered":"Bodypaint"},"content":{"rendered":"<p><img loading=\"lazy\" decoding=\"async\" class=\"alignnone wp-image-14184 size-large\" src=\"https:\/\/promovisionmodels.com\/wp-content\/uploads\/2020\/10\/5-1920x1080-1-1024x576.jpg\" alt=\"\" width=\"800\" height=\"450\" srcset=\"https:\/\/promovisionmodels.com\/wp-content\/uploads\/2020\/10\/5-1920x1080-1-1024x576.jpg 1024w, https:\/\/promovisionmodels.com\/wp-content\/uploads\/2020\/10\/5-1920x1080-1-300x169.jpg 300w, https:\/\/promovisionmodels.com\/wp-content\/uploads\/2020\/10\/5-1920x1080-1-768x432.jpg 768w, https:\/\/promovisionmodels.com\/wp-content\/uploads\/2020\/10\/5-1920x1080-1-1536x864.jpg 1536w, https:\/\/promovisionmodels.com\/wp-content\/uploads\/2020\/10\/5-1920x1080-1.jpg 1920w\" sizes=\"(max-width: 800px) 100vw, 800px\" \/><\/p>\n<p><strong>PromoVisionModels is in de loop der jaren erg bekend geworden met het fenomeen Bodypainting. Bodypainting is het verven van het lichaam ter versiering. Hierbij wordt het lichaam gebruikt als ondergrond voor een schilderij en hierbij worden aan de vormen van het lichaam door licht en schaduw andere dimensies gegeven. <\/strong><\/p>\n<p>Bodypainting is al eeuwen oud, we vinden het dan ook terug in de oudheid. Van oudsher verfden primitieve stammen hun lichaam met verf, om bijvoorbeeld een rituele dans uit te voeren, of om gunsten van hun goden te verzoeken. Het werd zelfs voor huwelijken gebruikt.<\/p>\n<h4>Marketing<\/h4>\n<p>Merkactivaties, promoties, of campagnes voor een stichting; bodypaint kan d\u00e9 ideale wijze zijn om aandacht te trekken. Bodypainting kan op talloze manieren ingezet worden: het kan mooi zijn, schokkend, abstract of objectief.<\/p>\n<p>Er zijn heel veel manieren om een boodschap over te brengen. Maar waarom is een bodypainting campagne dan zo effectief? Als mensen zijn we van nature ge\u00efnteresseerd in het menselijk lichaam. We leven niet voor niets zelf in \u00e9\u00e9n. Daarnaast zijn we ge\u00efnteresseerd in kunst, op de een of andere manier. Als we het menselijk lichaam met kunst combineren, hebben we de perfecte combinatie. Wij als mensen, kunnen niet anders dan kijken.<\/p>\n<p>PromoVisionModels heeft al jarenlange ervaring met het inzetten van bodypainting voor een campagne, promotie of een merkactivatie. Bent u ook benieuwd naar de mogelijkheden om uw publiek op een unieke manier te bereiken? Neem dan <strong><a href=\"http:\/\/promovisionmodels.com\/nl\/contactpagina\/\" target=\"_blank\" rel=\"noopener\">contact<\/a><\/strong> met ons op.<\/p>\n","protected":false},"excerpt":{"rendered":"<p>PromoVisionModels is in de loop der jaren erg bekend geworden met het fenomeen Bodypainting. Bodypainting is het verven van het lichaam ter versiering. Hierbij wordt het lichaam gebruikt als ondergrond voor een schilderij en hierbij worden aan de vormen van het lichaam door licht en schaduw andere dimensies gegeven. Bodypainting is al eeuwen oud, we &#8230;<\/p>\n","protected":false},"author":2,"featured_media":0,"parent":0,"menu_order":0,"comment_status":"closed","ping_status":"closed","template":"template-sidebar.php","meta":{"footnotes":""},"yoast_head":"<!-- This site is optimized with the Yoast SEO plugin v21.9 - https:\/\/yoast.com\/wordpress\/plugins\/seo\/ -->\n<title>Bodypaint - Promovisionmodels - Promotie en Modellen<\/title>\n<meta name=\"robots\" content=\"index, follow, max-snippet:-1, max-image-preview:large, max-video-preview:-1\" \/>\n<link rel=\"canonical\" href=\"https:\/\/promovisionmodels.com\/nl\/bodypaint\/\" \/>\n<meta property=\"og:locale\" content=\"nl_NL\" \/>\n<meta property=\"og:type\" content=\"article\" \/>\n<meta property=\"og:title\" content=\"Bodypaint - Promovisionmodels - Promotie en Modellen\" \/>\n<meta property=\"og:description\" content=\"PromoVisionModels is in de loop der jaren erg bekend geworden met het fenomeen Bodypainting. Bodypainting is het verven van het lichaam ter versiering. Hierbij wordt het lichaam gebruikt als ondergrond voor een schilderij en hierbij worden aan de vormen van het lichaam door licht en schaduw andere dimensies gegeven. Bodypainting is al eeuwen oud, we ...\" \/>\n<meta property=\"og:url\" content=\"https:\/\/promovisionmodels.com\/nl\/bodypaint\/\" \/>\n<meta property=\"og:site_name\" content=\"Promovisionmodels - Promotie en Modellen\" \/>\n<meta property=\"article:modified_time\" content=\"2021-03-03T16:32:38+00:00\" \/>\n<meta property=\"og:image\" content=\"https:\/\/promovisionmodels.com\/wp-content\/uploads\/2020\/10\/5-1920x1080-1-1024x576.jpg\" \/>\n<meta name=\"twitter:card\" content=\"summary_large_image\" \/>\n<meta name=\"twitter:label1\" content=\"Geschatte leestijd\" \/>\n\t<meta name=\"twitter:data1\" content=\"2 minuten\" \/>\n<script type=\"application\/ld+json\" class=\"yoast-schema-graph\">{\"@context\":\"https:\/\/schema.org\",\"@graph\":[{\"@type\":\"WebPage\",\"@id\":\"https:\/\/promovisionmodels.com\/nl\/bodypaint\/\",\"url\":\"https:\/\/promovisionmodels.com\/nl\/bodypaint\/\",\"name\":\"Bodypaint - Promovisionmodels - Promotie en Modellen\",\"isPartOf\":{\"@id\":\"https:\/\/promovisionmodels.com\/#website\"},\"datePublished\":\"2017-04-25T11:01:42+00:00\",\"dateModified\":\"2021-03-03T16:32:38+00:00\",\"breadcrumb\":{\"@id\":\"https:\/\/promovisionmodels.com\/nl\/bodypaint\/#breadcrumb\"},\"inLanguage\":\"nl-NL\",\"potentialAction\":[{\"@type\":\"ReadAction\",\"target\":[\"https:\/\/promovisionmodels.com\/nl\/bodypaint\/\"]}]},{\"@type\":\"BreadcrumbList\",\"@id\":\"https:\/\/promovisionmodels.com\/nl\/bodypaint\/#breadcrumb\",\"itemListElement\":[{\"@type\":\"ListItem\",\"position\":1,\"name\":\"Home\",\"item\":\"https:\/\/promovisionmodels.com\/nl\/\"},{\"@type\":\"ListItem\",\"position\":2,\"name\":\"Bodypaint\"}]},{\"@type\":\"WebSite\",\"@id\":\"https:\/\/promovisionmodels.com\/#website\",\"url\":\"https:\/\/promovisionmodels.com\/\",\"name\":\"Promovisionmodels - Promotie en Modellen\",\"description\":\"Promotie en Modellen\",\"potentialAction\":[{\"@type\":\"SearchAction\",\"target\":{\"@type\":\"EntryPoint\",\"urlTemplate\":\"https:\/\/promovisionmodels.com\/?s={search_term_string}\"},\"query-input\":\"required name=search_term_string\"}],\"inLanguage\":\"nl-NL\"}]}<\/script>\n<!-- \/ Yoast SEO plugin. -->","yoast_head_json":{"title":"Bodypaint - Promovisionmodels - Promotie en Modellen","robots":{"index":"index","follow":"follow","max-snippet":"max-snippet:-1","max-image-preview":"max-image-preview:large","max-video-preview":"max-video-preview:-1"},"canonical":"https:\/\/promovisionmodels.com\/nl\/bodypaint\/","og_locale":"nl_NL","og_type":"article","og_title":"Bodypaint - Promovisionmodels - Promotie en Modellen","og_description":"PromoVisionModels is in de loop der jaren erg bekend geworden met het fenomeen Bodypainting. Bodypainting is het verven van het lichaam ter versiering. Hierbij wordt het lichaam gebruikt als ondergrond voor een schilderij en hierbij worden aan de vormen van het lichaam door licht en schaduw andere dimensies gegeven. Bodypainting is al eeuwen oud, we ...","og_url":"https:\/\/promovisionmodels.com\/nl\/bodypaint\/","og_site_name":"Promovisionmodels - Promotie en Modellen","article_modified_time":"2021-03-03T16:32:38+00:00","og_image":[{"url":"https:\/\/promovisionmodels.com\/wp-content\/uploads\/2020\/10\/5-1920x1080-1-1024x576.jpg"}],"twitter_card":"summary_large_image","twitter_misc":{"Geschatte leestijd":"2 minuten"},"schema":{"@context":"https:\/\/schema.org","@graph":[{"@type":"WebPage","@id":"https:\/\/promovisionmodels.com\/nl\/bodypaint\/","url":"https:\/\/promovisionmodels.com\/nl\/bodypaint\/","name":"Bodypaint - Promovisionmodels - Promotie en Modellen","isPartOf":{"@id":"https:\/\/promovisionmodels.com\/#website"},"datePublished":"2017-04-25T11:01:42+00:00","dateModified":"2021-03-03T16:32:38+00:00","breadcrumb":{"@id":"https:\/\/promovisionmodels.com\/nl\/bodypaint\/#breadcrumb"},"inLanguage":"nl-NL","potentialAction":[{"@type":"ReadAction","target":["https:\/\/promovisionmodels.com\/nl\/bodypaint\/"]}]},{"@type":"BreadcrumbList","@id":"https:\/\/promovisionmodels.com\/nl\/bodypaint\/#breadcrumb","itemListElement":[{"@type":"ListItem","position":1,"name":"Home","item":"https:\/\/promovisionmodels.com\/nl\/"},{"@type":"ListItem","position":2,"name":"Bodypaint"}]},{"@type":"WebSite","@id":"https:\/\/promovisionmodels.com\/#website","url":"https:\/\/promovisionmodels.com\/","name":"Promovisionmodels - Promotie en Modellen","description":"Promotie en Modellen","potentialAction":[{"@type":"SearchAction","target":{"@type":"EntryPoint","urlTemplate":"https:\/\/promovisionmodels.com\/?s={search_term_string}"},"query-input":"required name=search_term_string"}],"inLanguage":"nl-NL"}]}},"_links":{"self":[{"href":"https:\/\/promovisionmodels.com\/nl\/wp-json\/wp\/v2\/pages\/10976"}],"collection":[{"href":"https:\/\/promovisionmodels.com\/nl\/wp-json\/wp\/v2\/pages"}],"about":[{"href":"https:\/\/promovisionmodels.com\/nl\/wp-json\/wp\/v2\/types\/page"}],"author":[{"embeddable":true,"href":"https:\/\/promovisionmodels.com\/nl\/wp-json\/wp\/v2\/users\/2"}],"replies":[{"embeddable":true,"href":"https:\/\/promovisionmodels.com\/nl\/wp-json\/wp\/v2\/comments?post=10976"}],"version-history":[{"count":9,"href":"https:\/\/promovisionmodels.com\/nl\/wp-json\/wp\/v2\/pages\/10976\/revisions"}],"predecessor-version":[{"id":14324,"href":"https:\/\/promovisionmodels.com\/nl\/wp-json\/wp\/v2\/pages\/10976\/revisions\/14324"}],"wp:attachment":[{"href":"https:\/\/promovisionmodels.com\/nl\/wp-json\/wp\/v2\/media?parent=10976"}],"curies":[{"name":"wp","href":"https:\/\/api.w.org\/{rel}","templated":true}]}}